{"id":15458,"date":"2025-06-16T14:35:55","date_gmt":"2025-06-16T14:35:55","guid":{"rendered":"https:\/\/www.marventasmarine.si\/?page_id=15458"},"modified":"2025-07-17T13:29:52","modified_gmt":"2025-07-17T13:29:52","slug":"glacier-yachts","status":"publish","type":"page","link":"https:\/\/www.marventasmarine.si\/sl\/glacier-yachts\/","title":{"rendered":"Glacier yachts"},"content":{"rendered":"<div data-elementor-type=\"wp-page\" data-elementor-id=\"15458\" class=\"elementor elementor-15458\" data-elementor-settings=\"[]\">\n\t\t\t\t\t\t\t<div class=\"elementor-section-wrap\">\n\t\t\t\t\t\t\t<section class=\"elementor-section elementor-top-section elementor-element elementor-element-ee719bb elementor-section-boxed elementor-section-height-default elementor-section-height-default\" data-id=\"ee719bb\" data-element_type=\"section\">\n\t\t\t\t\t\t<div class=\"elementor-container elementor-column-gap-default\">\n\t\t\t\t\t<div class=\"elementor-column elementor-col-50 elementor-top-column elementor-element elementor-element-4c979e2\" data-id=\"4c979e2\" data-element_type=\"column\">\n\t\t\t<div class=\"elementor-widget-wrap elementor-element-populated\">\n\t\t\t\t\t\t\t\t<div class=\"elementor-element elementor-element-a5fe2a7 elementor-align-center elementor-widget elementor-widget-button\" data-id=\"a5fe2a7\" data-element_type=\"widget\" data-widget_type=\"button.default\">\n\t\t\t\t<div class=\"elementor-widget-container\">\n\t\t\t        <div class=\"elementor-button-wrapper elementor-button-primary\">\n            <a href=\"https:\/\/glacieryachts.eu\/\" class=\"elementor-button-link elementor-button elementor-size-sm\" role=\"button\">\n                        <span class=\"elementor-button-content-wrapper\">\n\t\t\t                <span class=\"elementor-button-icon elementor-align-icon-right\">\n\t\t\t\t<i class=\"opal-icon-arrow-right\" aria-hidden=\"true\"><\/i>\n\t\t\t<\/span>\n                        <span class=\"elementor-button-text\">Pojdi na spletno mesto<\/span>\n\t\t<\/span>\n\n\n                <\/a>\n        <\/div>\n        \t\t<\/div>\n\t\t\t\t<\/div>\n\t\t\t\t\t<\/div>\n\t\t<\/div>\n\t\t\t\t<div class=\"elementor-column elementor-col-50 elementor-top-column elementor-element elementor-element-3f6b3ec\" data-id=\"3f6b3ec\" data-element_type=\"column\">\n\t\t\t<div class=\"elementor-widget-wrap elementor-element-populated\">\n\t\t\t\t\t\t\t\t<div class=\"elementor-element elementor-element-b96409e elementor-widget elementor-widget-image\" data-id=\"b96409e\" data-element_type=\"widget\" data-widget_type=\"image.default\">\n\t\t\t\t<div class=\"elementor-widget-container\">\n\t\t\t<style>\/*! elementor - v3.5.6 - 28-02-2022 *\/\n.elementor-widget-image{text-align:center}.elementor-widget-image a{display:inline-block}.elementor-widget-image a img[src$=\".svg\"]{width:48px}.elementor-widget-image img{vertical-align:middle;display:inline-block}<\/style>\t\t\t\t\t\t\t\t\t\t\t\t<img width=\"120\" height=\"69\" src=\"https:\/\/www.marventasmarine.si\/wp-content\/uploads\/2025\/06\/gy120-removebg-preview.png\" class=\"attachment-large size-large\" alt=\"\" loading=\"lazy\" \/>\t\t\t\t\t\t\t\t\t\t\t\t\t\t\t<\/div>\n\t\t\t\t<\/div>\n\t\t\t\t\t<\/div>\n\t\t<\/div>\n\t\t\t\t\t\t\t<\/div>\n\t\t<\/section>\n\t\t\t\t<section class=\"elementor-section elementor-top-section elementor-element elementor-element-94ec6e7 elementor-section-boxed elementor-section-height-default elementor-section-height-default\" data-id=\"94ec6e7\" data-element_type=\"section\">\n\t\t\t\t\t\t<div class=\"elementor-container elementor-column-gap-default\">\n\t\t\t\t\t<div class=\"elementor-column elementor-col-100 elementor-top-column elementor-element elementor-element-a66f4af\" data-id=\"a66f4af\" data-element_type=\"column\">\n\t\t\t<div class=\"elementor-widget-wrap elementor-element-populated\">\n\t\t\t\t\t\t\t\t<div class=\"elementor-element elementor-element-b7d7997 elementor-widget elementor-widget-text-editor\" data-id=\"b7d7997\" data-element_type=\"widget\" data-widget_type=\"text-editor.default\">\n\t\t\t\t<div class=\"elementor-widget-container\">\n\t\t\t<style>\/*! elementor - v3.5.6 - 28-02-2022 *\/\n.elementor-widget-text-editor.elementor-drop-cap-view-stacked .elementor-drop-cap{background-color:#818a91;color:#fff}.elementor-widget-text-editor.elementor-drop-cap-view-framed .elementor-drop-cap{color:#818a91;border:3px solid;background-color:transparent}.elementor-widget-text-editor:not(.elementor-drop-cap-view-default) .elementor-drop-cap{margin-top:8px}.elementor-widget-text-editor:not(.elementor-drop-cap-view-default) .elementor-drop-cap-letter{width:1em;height:1em}.elementor-widget-text-editor .elementor-drop-cap{float:left;text-align:center;line-height:1;font-size:50px}.elementor-widget-text-editor .elementor-drop-cap-letter{display:inline-block}<\/style>        <div class=\"elementor-text-editor elementor-clearfix\"><p>Zgodovina blagovne znamke Glacier Yachts se odvija \u017ee od leta 2017, ko so se slavni nizozemski oblikovalec Guido de Groot, Nizozemski pomorski arhitekti in visoko usposobljeni ladjedelniki z ve\u010d kot 20-letnimi izku\u0161njami pri uspe\u0161ni gradnji po vsej Evropi, Baltiki in Skandinavija zdru\u017eili in zdru\u017eili svoje izku\u0161nje, da bi ustvarili edinstven izdelek. Glacier Yachts dostavijo motorne jahte luksuznega razreda z izjemnim dizajnom, izjemnim udobjem, impresivno zmogljivostjo, brezkompromisno varnostjo in neprekosljivo zanesljivostjo. Svetovna premiera filma Glacier Yachts je bila leta 2021 na festivalu jaht v Cannesu in razstavi jaht v Monaku, kjer je na\u0161 model flagman \u2013&nbsp;<a href=\"https:\/\/www.youtube.com\/watch?v=NYYgpWp8OTg\" data-saferedirecturl=\"https:\/\/www.google.com\/url?q=https:\/\/www.youtube.com\/watch?v%3DNYYgpWp8OTg&amp;source=gmail&amp;ust=1677660945549000&amp;usg=AOvVaw2ScUe8YuF1eVbAO5jtoIKR\">GY48<\/a>&nbsp;bil predstavljen in pritegnil neprimerljivo pozornost in priznanje medijev, obiskovalcev in strokovnjakov iz industrije.<\/p><p><br><\/p><\/div>\n        \t\t<\/div>\n\t\t\t\t<\/div>\n\t\t\t\t<div class=\"elementor-element elementor-element-ec6f195 elementor-widget elementor-widget-heading\" data-id=\"ec6f195\" data-element_type=\"widget\" data-widget_type=\"heading.default\">\n\t\t\t\t<div class=\"elementor-widget-container\">\n\t\t\t<style>\/*! elementor - v3.5.6 - 28-02-2022 *\/\n.elementor-heading-title{padding:0;margin:0;line-height:1}.elementor-widget-heading .elementor-heading-title[class*=elementor-size-]>a{color:inherit;font-size:inherit;line-height:inherit}.elementor-widget-heading .elementor-heading-title.elementor-size-small{font-size:15px}.elementor-widget-heading .elementor-heading-title.elementor-size-medium{font-size:19px}.elementor-widget-heading .elementor-heading-title.elementor-size-large{font-size:29px}.elementor-widget-heading .elementor-heading-title.elementor-size-xl{font-size:39px}.elementor-widget-heading .elementor-heading-title.elementor-size-xxl{font-size:59px}<\/style><div class=\"elementor-heading-wrapper\" ><div class=\"elementor-heading-wrapper-inner\"><h4 class=\"elementor-heading-title elementor-size-default\">Modeli<\/h4><\/div><\/div>\t\t<\/div>\n\t\t\t\t<\/div>\n\t\t\t\t\t<\/div>\n\t\t<\/div>\n\t\t\t\t\t\t\t<\/div>\n\t\t<\/section>\n\t\t\t\t<section class=\"elementor-section elementor-top-section elementor-element elementor-element-3e77001 elementor-section-boxed elementor-section-height-default elementor-section-height-default\" data-id=\"3e77001\" data-element_type=\"section\">\n\t\t\t\t\t\t<div class=\"elementor-container elementor-column-gap-default\">\n\t\t\t\t\t<div class=\"elementor-column elementor-col-100 elementor-top-column elementor-element elementor-element-bc3c901\" data-id=\"bc3c901\" data-element_type=\"column\">\n\t\t\t<div class=\"elementor-widget-wrap elementor-element-populated\">\n\t\t\t\t\t\t\t\t<div class=\"elementor-element elementor-element-d28cae4 elementor-widget elementor-widget-opal-portfolio\" data-id=\"d28cae4\" data-element_type=\"widget\" data-settings=\"{&quot;columns&quot;:&quot;3&quot;,&quot;columns_tablet&quot;:&quot;2&quot;,&quot;columns_mobile&quot;:&quot;1&quot;}\" data-widget_type=\"opal-portfolio.default\">\n\t\t\t\t<div class=\"elementor-widget-container\">\n\t\t\t        <div class=\"elementor-post-wrapper elementor-portfolio-style-caption\" id=\"isotope-d28cae4\">\n            <div class=\"row isotope-grid\" data-elementor-columns=\"3\" data-elementor-columns-tablet=\"2\" data-elementor-columns-mobile=\"1\">\n                <div class=\"column-item portfolio-entries __all glacier\"><article id=\"post-8029\" class=\"portfolio post-8029 osf_portfolio type-osf_portfolio status-publish has-post-thumbnail hentry osf_portfolio_cat-glacier\">\n    <div class=\"portfolio-inner\">\n        <div class=\"portfolio-post-thumbnail\">\n                            <img width=\"1100\" height=\"590\" src=\"https:\/\/www.marventasmarine.si\/wp-content\/uploads\/2024\/01\/glacier-68-panel-3-m_orig.jpg\" class=\"attachment-rehomes-featured-image-full size-rehomes-featured-image-full wp-post-image\" alt=\"\" loading=\"lazy\" srcset=\"https:\/\/www.marventasmarine.si\/wp-content\/uploads\/2024\/01\/glacier-68-panel-3-m_orig.jpg 1100w, https:\/\/www.marventasmarine.si\/wp-content\/uploads\/2024\/01\/glacier-68-panel-3-m_orig-300x161.jpg 300w, https:\/\/www.marventasmarine.si\/wp-content\/uploads\/2024\/01\/glacier-68-panel-3-m_orig-1024x549.jpg 1024w, https:\/\/www.marventasmarine.si\/wp-content\/uploads\/2024\/01\/glacier-68-panel-3-m_orig-768x412.jpg 768w, https:\/\/www.marventasmarine.si\/wp-content\/uploads\/2024\/01\/glacier-68-panel-3-m_orig-700x375.jpg 700w\" sizes=\"(max-width: 1100px) 100vw, 1100px\" \/>                        <a class=\"thumbnail-overlay\" href=\"https:\/\/www.marventasmarine.si\/sl\/portfolio\/glacier-68\/\"><\/a>\n        <\/div><!-- .post-thumbnail -->\n        <div class=\"portfolio-content\">\n                            <div class=\"line\"><\/div>\n            \n            <div class=\"portfolio-content-inner\">\n                                <h2 class=\"entry-title\"><a href=\"https:\/\/www.marventasmarine.si\/sl\/portfolio\/glacier-68\/\">GLACIER 68<\/a><\/h2>\n                <div class=\"entry-locations\">Latvia<\/div>\n            <\/div>\n\n        <\/div>\n    <\/div>\n<\/article><!-- #post-## --><\/div><div class=\"column-item portfolio-entries __all glacier\"><article id=\"post-15494\" class=\"portfolio post-15494 osf_portfolio type-osf_portfolio status-publish has-post-thumbnail hentry osf_portfolio_cat-glacier\">\n    <div class=\"portfolio-inner\">\n        <div class=\"portfolio-post-thumbnail\">\n                            <img width=\"1100\" height=\"655\" src=\"https:\/\/www.marventasmarine.si\/wp-content\/uploads\/2024\/01\/adv-yachts-glacier-48-open_orig.jpg\" class=\"attachment-rehomes-featured-image-full size-rehomes-featured-image-full wp-post-image\" alt=\"\" loading=\"lazy\" srcset=\"https:\/\/www.marventasmarine.si\/wp-content\/uploads\/2024\/01\/adv-yachts-glacier-48-open_orig.jpg 1100w, https:\/\/www.marventasmarine.si\/wp-content\/uploads\/2024\/01\/adv-yachts-glacier-48-open_orig-300x179.jpg 300w, https:\/\/www.marventasmarine.si\/wp-content\/uploads\/2024\/01\/adv-yachts-glacier-48-open_orig-1024x610.jpg 1024w, https:\/\/www.marventasmarine.si\/wp-content\/uploads\/2024\/01\/adv-yachts-glacier-48-open_orig-768x457.jpg 768w, https:\/\/www.marventasmarine.si\/wp-content\/uploads\/2024\/01\/adv-yachts-glacier-48-open_orig-700x417.jpg 700w\" sizes=\"(max-width: 1100px) 100vw, 1100px\" \/>                        <a class=\"thumbnail-overlay\" href=\"https:\/\/www.marventasmarine.si\/sl\/portfolio\/glacier-48-fx\/\"><\/a>\n        <\/div><!-- .post-thumbnail -->\n        <div class=\"portfolio-content\">\n                            <div class=\"line\"><\/div>\n            \n            <div class=\"portfolio-content-inner\">\n                                <h2 class=\"entry-title\"><a href=\"https:\/\/www.marventasmarine.si\/sl\/portfolio\/glacier-48-fx\/\">GLACIER 48 FX<\/a><\/h2>\n                <div class=\"entry-locations\">Latvia<\/div>\n            <\/div>\n\n        <\/div>\n    <\/div>\n<\/article><!-- #post-## --><\/div><div class=\"column-item portfolio-entries __all glacier\"><article id=\"post-15507\" class=\"portfolio post-15507 osf_portfolio type-osf_portfolio status-publish has-post-thumbnail hentry osf_portfolio_cat-glacier\">\n    <div class=\"portfolio-inner\">\n        <div class=\"portfolio-post-thumbnail\">\n                            <img width=\"1100\" height=\"700\" src=\"https:\/\/www.marventasmarine.si\/wp-content\/uploads\/2024\/01\/glacier-48-1_1_orig-1100x700.jpg\" class=\"attachment-rehomes-featured-image-full size-rehomes-featured-image-full wp-post-image\" alt=\"\" loading=\"lazy\" srcset=\"https:\/\/www.marventasmarine.si\/wp-content\/uploads\/2024\/01\/glacier-48-1_1_orig-1100x700.jpg 1100w, https:\/\/www.marventasmarine.si\/wp-content\/uploads\/2024\/01\/glacier-48-1_1_orig-300x192.jpg 300w\" sizes=\"(max-width: 1100px) 100vw, 1100px\" \/>                        <a class=\"thumbnail-overlay\" href=\"https:\/\/www.marventasmarine.si\/sl\/portfolio\/glacier-48\/\"><\/a>\n        <\/div><!-- .post-thumbnail -->\n        <div class=\"portfolio-content\">\n                            <div class=\"line\"><\/div>\n            \n            <div class=\"portfolio-content-inner\">\n                                <h2 class=\"entry-title\"><a href=\"https:\/\/www.marventasmarine.si\/sl\/portfolio\/glacier-48\/\">GLACIER 48<\/a><\/h2>\n                <div class=\"entry-locations\">Latvia<\/div>\n            <\/div>\n\n        <\/div>\n    <\/div>\n<\/article><!-- #post-## --><\/div>            <\/div>\n        <\/div>\n                \t\t<\/div>\n\t\t\t\t<\/div>\n\t\t\t\t\t<\/div>\n\t\t<\/div>\n\t\t\t\t\t\t\t<\/div>\n\t\t<\/section>\n\t\t\t\t\t\t<\/div>\n\t\t\t\t\t<\/div>","protected":false},"excerpt":{"rendered":"<p>go to site Glacier Yachts brand history takes place back in 2017 when famous Dutch designer Guido de Groot, Dutch Naval Architects and highly-skilled boatbuilders with over 20-years of experice in doing successfull builsiness across the entire Europe, The Baltics &amp; Scandinavia came together and joined their experiences to create a unique product.&nbsp;Glacier Yachts deliver &hellip; <\/p>\n<p class=\"link-more\"><a href=\"https:\/\/www.marventasmarine.si\/sl\/portfolio\/glacier-48\/\" class=\"more-link\">Read More <span class=\"screen-reader-text\"> &#8220;GLACIER 48&#8221;<\/span><\/a><\/p>","protected":false},"author":1,"featured_media":15421,"parent":0,"menu_order":0,"comment_status":"closed","ping_status":"closed","template":"elementor_theme","meta":{"inline_featured_image":false,"_mi_skip_tracking":false},"_links":{"self":[{"href":"https:\/\/www.marventasmarine.si\/sl\/wp-json\/wp\/v2\/pages\/15458"}],"collection":[{"href":"https:\/\/www.marventasmarine.si\/sl\/wp-json\/wp\/v2\/pages"}],"about":[{"href":"https:\/\/www.marventasmarine.si\/sl\/wp-json\/wp\/v2\/types\/page"}],"author":[{"embeddable":true,"href":"https:\/\/www.marventasmarine.si\/sl\/wp-json\/wp\/v2\/users\/1"}],"replies":[{"embeddable":true,"href":"https:\/\/www.marventasmarine.si\/sl\/wp-json\/wp\/v2\/comments?post=15458"}],"version-history":[{"count":32,"href":"https:\/\/www.marventasmarine.si\/sl\/wp-json\/wp\/v2\/pages\/15458\/revisions"}],"predecessor-version":[{"id":16311,"href":"https:\/\/www.marventasmarine.si\/sl\/wp-json\/wp\/v2\/pages\/15458\/revisions\/16311"}],"wp:featuredmedia":[{"embeddable":true,"href":"https:\/\/www.marventasmarine.si\/sl\/wp-json\/wp\/v2\/media\/15421"}],"wp:attachment":[{"href":"https:\/\/www.marventasmarine.si\/sl\/wp-json\/wp\/v2\/media?parent=15458"}],"curies":[{"name":"wp","href":"https:\/\/api.w.org\/{rel}","templated":true}]}}